{"id":281,"date":"2017-09-09T12:28:35","date_gmt":"2017-09-09T12:28:35","guid":{"rendered":"http:\/\/www.fagottrohre.ch\/?page_id=281"},"modified":"2024-10-26T15:09:37","modified_gmt":"2024-10-26T15:09:37","slug":"modernes-fagott","status":"publish","type":"page","link":"https:\/\/www.fagottrohre.ch\/?page_id=281","title":{"rendered":"Rohre f\u00fcr Modernes Fagott"},"content":{"rendered":"<p>Zum Vergr\u00f6ssern bitte auf die Bilder klicken.<\/p>\n<div class=\"wc-shortcodes-box wc-shortcodes-item wc-shortcodes-content wc-shortcodes-clearfix wc-shortcodes-box-secondary \" style=\"text-align:left;\">\n<div class=\"wc-shortcodes-row wc-shortcodes-item wc-shortcodes-clearfix\">\n<div class=\"wc-shortcodes-column wc-shortcodes-content wc-shortcodes-one-third wc-shortcodes-column-first \">\n<p><a href=\"http:\/\/www.fagottrohre.ch\/wp-content\/uploads\/2024\/10\/rot.jpg\"><img decoding=\"async\" loading=\"lazy\" class=\"alignnone wp-image-539 size-medium\" src=\"http:\/\/www.fagottrohre.ch\/wp-content\/uploads\/2024\/10\/rot-300x214.jpg\" alt=\"\" width=\"300\" height=\"214\" srcset=\"https:\/\/www.fagottrohre.ch\/wp-content\/uploads\/2024\/10\/rot-300x214.jpg 300w, https:\/\/www.fagottrohre.ch\/wp-content\/uploads\/2024\/10\/rot-1024x731.jpg 1024w, https:\/\/www.fagottrohre.ch\/wp-content\/uploads\/2024\/10\/rot-768x548.jpg 768w, https:\/\/www.fagottrohre.ch\/wp-content\/uploads\/2024\/10\/rot-1536x1097.jpg 1536w, https:\/\/www.fagottrohre.ch\/wp-content\/uploads\/2024\/10\/rot-2048x1463.jpg 2048w\" sizes=\"(max-width: 300px) 100vw, 300px\" \/><\/a><\/p>\n<\/div>\n<div class=\"wc-shortcodes-column wc-shortcodes-content wc-shortcodes-two-third wc-shortcodes-column-last \">\n<h3>Fa\u00e7on Rieger 2<\/h3>\n<p>Das wohl meistgespielte Rohr mit breitem, vollem Klang.<\/p>\n<a href=\"?page_id=269\" class=\"wc-shortcodes-button wc-shortcodes-button-secondary wc-shortcodes-button-position-\" target=\"_self\" title=\"Bestellen\"><span class=\"wc-shortcodes-button-inner\"><span class=\"wc-shortcodes-button-icon-left fa fa-angle-right\"><\/span>zum Bestellformular<\/span><\/a>\n<\/div>\n<\/div>\n<\/div>\n<div class=\"wc-shortcodes-box wc-shortcodes-item wc-shortcodes-content wc-shortcodes-clearfix wc-shortcodes-box-secondary \" style=\"text-align:left;\">\n<div class=\"wc-shortcodes-row wc-shortcodes-item wc-shortcodes-clearfix\">\n<div class=\"wc-shortcodes-column wc-shortcodes-content wc-shortcodes-one-third wc-shortcodes-column-first \">\n<p><a href=\"http:\/\/www.fagottrohre.ch\/wp-content\/uploads\/2024\/10\/blau.jpg\"><img decoding=\"async\" loading=\"lazy\" class=\"alignnone wp-image-538 size-medium\" src=\"http:\/\/www.fagottrohre.ch\/wp-content\/uploads\/2024\/10\/blau-300x214.jpg\" alt=\"\" width=\"300\" height=\"214\" srcset=\"https:\/\/www.fagottrohre.ch\/wp-content\/uploads\/2024\/10\/blau-300x214.jpg 300w, https:\/\/www.fagottrohre.ch\/wp-content\/uploads\/2024\/10\/blau-1024x731.jpg 1024w, https:\/\/www.fagottrohre.ch\/wp-content\/uploads\/2024\/10\/blau-768x548.jpg 768w, https:\/\/www.fagottrohre.ch\/wp-content\/uploads\/2024\/10\/blau-1536x1097.jpg 1536w, https:\/\/www.fagottrohre.ch\/wp-content\/uploads\/2024\/10\/blau-2048x1463.jpg 2048w\" sizes=\"(max-width: 300px) 100vw, 300px\" \/><\/a><\/p>\n<\/div>\n<div class=\"wc-shortcodes-column wc-shortcodes-content wc-shortcodes-two-third wc-shortcodes-column-last \">\n<h3>Fa\u00e7on Rieger 1a<\/h3>\n<p>Ebenfalls oft gespielt mit etwas kernigerem Ton und strahlender Tenorlage.<\/p>\n<a href=\"?page_id=269\" class=\"wc-shortcodes-button wc-shortcodes-button-secondary wc-shortcodes-button-position-\" target=\"_self\" title=\"Bestellen\"><span class=\"wc-shortcodes-button-inner\"><span class=\"wc-shortcodes-button-icon-left fa fa-angle-right\"><\/span>zum Bestellformular<\/span><\/a>\n<\/div>\n<\/div>\n<\/div>\n<div class=\"wc-shortcodes-box wc-shortcodes-item wc-shortcodes-content wc-shortcodes-clearfix wc-shortcodes-box-secondary \" style=\"text-align:left;\">\n<div class=\"wc-shortcodes-row wc-shortcodes-item wc-shortcodes-clearfix\">\n<div class=\"wc-shortcodes-column wc-shortcodes-content wc-shortcodes-one-third wc-shortcodes-column-first \">\n<p><a href=\"http:\/\/www.fagottrohre.ch\/wp-content\/uploads\/2024\/10\/weiss.jpg\"><img decoding=\"async\" loading=\"lazy\" class=\"alignnone wp-image-541 size-medium\" src=\"http:\/\/www.fagottrohre.ch\/wp-content\/uploads\/2024\/10\/weiss-300x214.jpg\" alt=\"\" width=\"300\" height=\"214\" srcset=\"https:\/\/www.fagottrohre.ch\/wp-content\/uploads\/2024\/10\/weiss-300x214.jpg 300w, https:\/\/www.fagottrohre.ch\/wp-content\/uploads\/2024\/10\/weiss-1024x732.jpg 1024w, https:\/\/www.fagottrohre.ch\/wp-content\/uploads\/2024\/10\/weiss-768x549.jpg 768w, https:\/\/www.fagottrohre.ch\/wp-content\/uploads\/2024\/10\/weiss-1536x1098.jpg 1536w, https:\/\/www.fagottrohre.ch\/wp-content\/uploads\/2024\/10\/weiss-2048x1464.jpg 2048w\" sizes=\"(max-width: 300px) 100vw, 300px\" \/><\/a><\/p>\n<\/div>\n<div class=\"wc-shortcodes-column wc-shortcodes-content wc-shortcodes-two-third wc-shortcodes-column-last \">\n<h3>Fa\u00e7on Thunemann<\/h3>\n<p>Verbindet strahlende H\u00f6he mit voll klingender Tiefe.<\/p>\n<a href=\"?page_id=269\" class=\"wc-shortcodes-button wc-shortcodes-button-secondary wc-shortcodes-button-position-\" target=\"_self\" title=\"Bestellen\"><span class=\"wc-shortcodes-button-inner\"><span class=\"wc-shortcodes-button-icon-left fa fa-angle-right\"><\/span>zum Bestellformular<\/span><\/a>\n<\/div>\n<\/div>\n<\/div>\n<div class=\"wc-shortcodes-box wc-shortcodes-item wc-shortcodes-content wc-shortcodes-clearfix wc-shortcodes-box-secondary \" style=\"text-align:left;\">\n<div class=\"wc-shortcodes-row wc-shortcodes-item wc-shortcodes-clearfix\">\n<div class=\"wc-shortcodes-column wc-shortcodes-content wc-shortcodes-one-third wc-shortcodes-column-first \">\n<p><a href=\"http:\/\/www.fagottrohre.ch\/wp-content\/uploads\/2024\/10\/schwarz.jpg\"><img decoding=\"async\" loading=\"lazy\" class=\"alignnone wp-image-540 size-medium\" src=\"http:\/\/www.fagottrohre.ch\/wp-content\/uploads\/2024\/10\/schwarz-300x214.jpg\" alt=\"\" width=\"300\" height=\"214\" srcset=\"https:\/\/www.fagottrohre.ch\/wp-content\/uploads\/2024\/10\/schwarz-300x214.jpg 300w, https:\/\/www.fagottrohre.ch\/wp-content\/uploads\/2024\/10\/schwarz-1024x731.jpg 1024w, https:\/\/www.fagottrohre.ch\/wp-content\/uploads\/2024\/10\/schwarz-768x549.jpg 768w, https:\/\/www.fagottrohre.ch\/wp-content\/uploads\/2024\/10\/schwarz-1536x1097.jpg 1536w, https:\/\/www.fagottrohre.ch\/wp-content\/uploads\/2024\/10\/schwarz-2048x1463.jpg 2048w\" sizes=\"(max-width: 300px) 100vw, 300px\" \/><\/a><\/p>\n<\/div>\n<div class=\"wc-shortcodes-column wc-shortcodes-content wc-shortcodes-two-third wc-shortcodes-column-last \">\n<h3>Fa\u00e7on Rieger 5<\/h3>\n<p>Leichte Ansprache in allen Registern, strahlender Ton.<\/p>\n<a href=\"?page_id=269\" class=\"wc-shortcodes-button wc-shortcodes-button-secondary wc-shortcodes-button-position-\" target=\"_self\" title=\"Bestellen\"><span class=\"wc-shortcodes-button-inner\"><span class=\"wc-shortcodes-button-icon-left fa fa-angle-right\"><\/span>zum Bestellformular<\/span><\/a>\n<\/div>\n<\/div>\n<\/div>\n","protected":false},"excerpt":{"rendered":"<p>Zum Vergr\u00f6ssern bitte auf die Bilder klicken. Fa\u00e7on Rieger 2 Das wohl meistgespielte Rohr mit breitem, vollem Klang. Fa\u00e7on Rieger 1a Ebenfalls oft gespielt mit etwas kernigerem Ton und strahlender Tenorlage. Fa\u00e7on Thunemann Verbindet strahlende H\u00f6he mit voll klingender Tiefe.<\/p>\n","protected":false},"author":1,"featured_media":292,"parent":263,"menu_order":0,"comment_status":"closed","ping_status":"closed","template":"","meta":[],"_links":{"self":[{"href":"https:\/\/www.fagottrohre.ch\/index.php?rest_route=\/wp\/v2\/pages\/281"}],"collection":[{"href":"https:\/\/www.fagottrohre.ch\/index.php?rest_route=\/wp\/v2\/pages"}],"about":[{"href":"https:\/\/www.fagottrohre.ch\/index.php?rest_route=\/wp\/v2\/types\/page"}],"author":[{"embeddable":true,"href":"https:\/\/www.fagottrohre.ch\/index.php?rest_route=\/wp\/v2\/users\/1"}],"replies":[{"embeddable":true,"href":"https:\/\/www.fagottrohre.ch\/index.php?rest_route=%2Fwp%2Fv2%2Fcomments&post=281"}],"version-history":[{"count":36,"href":"https:\/\/www.fagottrohre.ch\/index.php?rest_route=\/wp\/v2\/pages\/281\/revisions"}],"predecessor-version":[{"id":544,"href":"https:\/\/www.fagottrohre.ch\/index.php?rest_route=\/wp\/v2\/pages\/281\/revisions\/544"}],"up":[{"embeddable":true,"href":"https:\/\/www.fagottrohre.ch\/index.php?rest_route=\/wp\/v2\/pages\/263"}],"wp:featuredmedia":[{"embeddable":true,"href":"https:\/\/www.fagottrohre.ch\/index.php?rest_route=\/wp\/v2\/media\/292"}],"wp:attachment":[{"href":"https:\/\/www.fagottrohre.ch\/index.php?rest_route=%2Fwp%2Fv2%2Fmedia&parent=281"}],"curies":[{"name":"wp","href":"https:\/\/api.w.org\/{rel}","templated":true}]}}