{"id":265,"date":"2017-09-09T10:56:24","date_gmt":"2017-09-09T10:56:24","guid":{"rendered":"http:\/\/www.fagottrohre.ch\/?page_id=265"},"modified":"2024-10-24T14:24:08","modified_gmt":"2024-10-24T14:24:08","slug":"ueber-mich","status":"publish","type":"page","link":"https:\/\/www.fagottrohre.ch\/?page_id=265","title":{"rendered":"\u00dcber mich"},"content":{"rendered":"<p><span class=\"\" lang=\"DE\"><img decoding=\"async\" loading=\"lazy\" class=\"size-medium wp-image-426 alignleft\" src=\"http:\/\/www.fagottrohre.ch\/wp-content\/uploads\/2017\/09\/markus-boppart_cutX-214x300.jpg\" alt=\"\" width=\"214\" height=\"300\" srcset=\"https:\/\/www.fagottrohre.ch\/wp-content\/uploads\/2017\/09\/markus-boppart_cutX-214x300.jpg 214w, https:\/\/www.fagottrohre.ch\/wp-content\/uploads\/2017\/09\/markus-boppart_cutX.jpg 333w\" sizes=\"(max-width: 214px) 100vw, 214px\" \/>Nach meinem Studium in Z\u00fcrich und einer Stelle als 2. Fagottist\/Kontrafagottist im Berner Sinfonieorchester spielte ich bis Mai 2024 f\u00fcr mehr als zwei Jahrzehnte im Luzerner Sinfonieorchester in gleicher Position. Daneben geniesse ich auch das Musizieren auf dem Barockfagott und auf dem klassischen Fagott im \u201eCollegium musicum der Jesuitenkirche\u201c in Luzern. Ausserdem bin ich als freischaffender Musiker t\u00e4tig und unterrichte Fagott und Kontrafagott. Die Faszination f\u00fcr den wundersch\u00f6nen Fagottklang\u00a0 ist mein Ansporn, mit perfektem Material und exaktem Handwerk einmalige Klangergebnisse zu erzielen.\u00a0 \u00dcber die Jahre hat sich ein grosser Erfahrungsschatz im Umgang mit den Fagottmundst\u00fccken angesammelt. Dieses Wissen kann ich im Rohrbau perfekt einbringen.<\/span><\/p>\n<p>Foto: copyright@Philipp Baer<\/p>\n<p><span class=\"\" lang=\"DE\">\u00a0<\/span><\/p>\n","protected":false},"excerpt":{"rendered":"<p>Nach meinem Studium in Z\u00fcrich und einer Stelle als 2. Fagottist\/Kontrafagottist im Berner Sinfonieorchester spielte ich bis Mai 2024 f\u00fcr mehr als zwei Jahrzehnte im Luzerner Sinfonieorchester in gleicher Position. Daneben geniesse ich auch das Musizieren auf dem Barockfagott und<\/p>\n","protected":false},"author":1,"featured_media":0,"parent":0,"menu_order":0,"comment_status":"closed","ping_status":"closed","template":"","meta":[],"_links":{"self":[{"href":"https:\/\/www.fagottrohre.ch\/index.php?rest_route=\/wp\/v2\/pages\/265"}],"collection":[{"href":"https:\/\/www.fagottrohre.ch\/index.php?rest_route=\/wp\/v2\/pages"}],"about":[{"href":"https:\/\/www.fagottrohre.ch\/index.php?rest_route=\/wp\/v2\/types\/page"}],"author":[{"embeddable":true,"href":"https:\/\/www.fagottrohre.ch\/index.php?rest_route=\/wp\/v2\/users\/1"}],"replies":[{"embeddable":true,"href":"https:\/\/www.fagottrohre.ch\/index.php?rest_route=%2Fwp%2Fv2%2Fcomments&post=265"}],"version-history":[{"count":9,"href":"https:\/\/www.fagottrohre.ch\/index.php?rest_route=\/wp\/v2\/pages\/265\/revisions"}],"predecessor-version":[{"id":535,"href":"https:\/\/www.fagottrohre.ch\/index.php?rest_route=\/wp\/v2\/pages\/265\/revisions\/535"}],"wp:attachment":[{"href":"https:\/\/www.fagottrohre.ch\/index.php?rest_route=%2Fwp%2Fv2%2Fmedia&parent=265"}],"curies":[{"name":"wp","href":"https:\/\/api.w.org\/{rel}","templated":true}]}}