{"id":11,"date":"2014-04-26T16:57:30","date_gmt":"2014-04-26T16:57:30","guid":{"rendered":"http:\/\/demo.themegrill.com\/accelerate\/?page_id=11"},"modified":"2024-12-28T10:22:05","modified_gmt":"2024-12-28T10:22:05","slug":"business-page","status":"publish","type":"page","link":"https:\/\/www.fagottrohre.ch\/","title":{"rendered":"Willkommen"},"content":{"rendered":"\n<div class=\"wp-block-columns is-layout-flex wp-container-3\">\n<div class=\"wp-block-column is-layout-flow\" style=\"flex-basis:66.66%\">\n<h2 class=\"wp-block-heading has-text-color\" style=\"color:#b27a0a\">Herzlich willkommen bei fagottrohre.ch!<\/h2>\n\n\n\n<h5 class=\"wp-block-heading\">Mein Versprechen sind Fagottrohre, die Ihnen ein angenehmes Spielgef\u00fchl, einen grossen und flexiblen Ton, eine gute Ansprache sowie stabile Intonation bieten. Meine langj\u00e4hrige Erfahrung als Orchestermusiker ist die Grundlage f\u00fcr die Qualit\u00e4t der Boppart Fagottrohre.<\/h5>\n\n\n\n<div style=\"height:100px\" aria-hidden=\"true\" class=\"wp-block-spacer\"><\/div>\n<\/div>\n\n\n\n<div class=\"wp-block-column is-layout-flow\" style=\"flex-basis:33.33%\"><\/div>\n<\/div>\n","protected":false},"excerpt":{"rendered":"<p>Herzlich willkommen bei fagottrohre.ch! Mein Versprechen sind Fagottrohre, die Ihnen ein angenehmes Spielgef\u00fchl, einen grossen und flexiblen Ton, eine gute Ansprache sowie stabile Intonation bieten. Meine langj\u00e4hrige Erfahrung als Orchestermusiker ist die Grundlage f\u00fcr die Qualit\u00e4t der Boppart Fagottrohre.<\/p>\n","protected":false},"author":1,"featured_media":0,"parent":0,"menu_order":0,"comment_status":"closed","ping_status":"closed","template":"","meta":[],"_links":{"self":[{"href":"https:\/\/www.fagottrohre.ch\/index.php?rest_route=\/wp\/v2\/pages\/11"}],"collection":[{"href":"https:\/\/www.fagottrohre.ch\/index.php?rest_route=\/wp\/v2\/pages"}],"about":[{"href":"https:\/\/www.fagottrohre.ch\/index.php?rest_route=\/wp\/v2\/types\/page"}],"author":[{"embeddable":true,"href":"https:\/\/www.fagottrohre.ch\/index.php?rest_route=\/wp\/v2\/users\/1"}],"replies":[{"embeddable":true,"href":"https:\/\/www.fagottrohre.ch\/index.php?rest_route=%2Fwp%2Fv2%2Fcomments&post=11"}],"version-history":[{"count":14,"href":"https:\/\/www.fagottrohre.ch\/index.php?rest_route=\/wp\/v2\/pages\/11\/revisions"}],"predecessor-version":[{"id":552,"href":"https:\/\/www.fagottrohre.ch\/index.php?rest_route=\/wp\/v2\/pages\/11\/revisions\/552"}],"wp:attachment":[{"href":"https:\/\/www.fagottrohre.ch\/index.php?rest_route=%2Fwp%2Fv2%2Fmedia&parent=11"}],"curies":[{"name":"wp","href":"https:\/\/api.w.org\/{rel}","templated":true}]}}